{"id":32,"date":"2014-06-02T11:26:26","date_gmt":"2014-06-02T09:26:26","guid":{"rendered":"http:\/\/www.xn--party-mwe-67a.de\/?page_id=32"},"modified":"2025-01-08T17:00:15","modified_gmt":"2025-01-08T15:00:15","slug":"impressum-2","status":"publish","type":"page","link":"http:\/\/www.xn--party-mwe-67a.de\/?page_id=32","title":{"rendered":"Impressum"},"content":{"rendered":"<table class=\"impressum_table\">\n<tbody>\n<tr>\n<td>\n<table border=\"0\" width=\"100%\">\n<tbody>\n<tr>\n<td><strong>Anbieterinformationen \/ Impressum<\/strong><\/td>\n<\/tr>\n<tr>\n<td align=\"left\" valign=\"top\" width=\"%\"><strong>Hotel Garni am Rostocker \u00dcberseehafen GmbH<\/strong><br \/>\nPetersdorfer Str. 15<br \/>\n18147 Rostock<br \/>\nDeutschland<\/td>\n<td align=\"left\" valign=\"top\">\n<table style=\"height: 135px;\" border=\"0\" width=\"399\" cellspacing=\"2\" cellpadding=\"0\">\n<tbody>\n<tr>\n<td align=\"left\">Telefon:<\/td>\n<td align=\"left\">0381\/4904020<\/td>\n<\/tr>\n<tr>\n<td align=\"left\">Mobil:<\/td>\n<td align=\"left\">0177\/2003930<\/td>\n<\/tr>\n<tr>\n<td align=\"left\">Website:<\/td>\n<td align=\"left\"><a href=\"https:\/\/www.party-m\u00f6we.de\"> https:\/\/www.party-m\u00f6we.de <\/a><\/td>\n<\/tr>\n<tr>\n<td align=\"left\">Email:<\/td>\n<td align=\"left\"><a href=\"mailto:info@rostock-hotel-garni.de\">info@rostock-hotel-garni.de<\/a><\/td>\n<\/tr>\n<tr>\n<td align=\"left\">Email:<\/td>\n<td align=\"left\"><a href=\"mailto:info@party-moewe.de\">info@party-moewe.de<\/a><\/td>\n<\/tr>\n<\/tbody>\n<\/table>\n<\/td>\n<\/tr>\n<\/tbody>\n<\/table>\n<\/td>\n<\/tr>\n<tr>\n<td>\n<table style=\"height: 128px;\" border=\"0\" width=\"868\">\n<tbody>\n<tr>\n<td style=\"text-align: left;\"><strong>Rechtliche Angaben<\/strong><\/td>\n<\/tr>\n<tr>\n<td style=\"text-align: left;\" align=\"left\">Vertretungsberechtigt: Dr. Reiner Treise (<a href=\"mailto:info@rostock-hotel-garni.de\">info@rostock-hotel-garni.de<\/a>)<br \/>\nUmsatzsteueridentifikationsnummer gem\u00e4\u00df \u00a727a Umsatzsteuergesetz: DE 321964044<br \/>\nRegistergericht: Amtsgericht Rostock | Registernummer: HRB 13897<br \/>\nInhaltlich Verantwortlicher gem\u00e4\u00df TMG: Klawonn (<a href=\"mailto:info@rostock-hotel-garni.de\">info@rostock-hotel-garni.de<\/a>)<\/td>\n<\/tr>\n<\/tbody>\n<\/table>\n<\/td>\n<\/tr>\n<tr>\n<td>\n<table>\n<tbody>\n<tr>\n<td>Trotz sorgf\u00e4ltiger inhaltlicher Kontrolle \u00fcbernehmen wir keine Haftung f\u00fcr die Inhalte externer Links.<\/p>\n<p>F\u00fcr den Inhalt der verlinkten Seiten sind ausschlie\u00dflich deren Betreiber verantwortlich. Alle hier verwendeten Namen, Begriffe, Zeichen und Grafiken k\u00f6nnen Marken- oder Warenzeichen im Besitze ihrer rechtlichen Eigent\u00fcmer sein. Die Rechte aller erw\u00e4hnten und benutzten Marken- und Warenzeichen liegen ausschlie\u00dflich bei deren Besitzern.<\/p>\n<p><strong>Urheber- und Kennzeichenrecht<\/strong><\/p>\n<p>Der Autor ist bestrebt, in allen Publikationen die Urheberrechte der verwendeten Grafiken, Tondokumente, Videosequenzen und Texte zu beachten, von ihm selbst erstellte Grafiken, Tondokumente, Videosequenzen und Texte zu nutzen oder auf lizenzfreie Grafiken, Tondokumente, Videosequenzen und Texte zur\u00fcckzugreifen. Alle innerhalb des Internetangebotes genannten und ggf. durch Dritte gesch\u00fctzten Marken- und Warenzeichen unterliegen uneingeschr\u00e4nkt den Bestimmungen des jeweils g\u00fcltigen Kennzeichenrechts und den Besitzrechten der jeweiligen eingetragenen Eigent\u00fcmer. Allein aufgrund der blo\u00dfen Nennung ist nicht der Schluss zu ziehen, dass Markenzeichen nicht durch Rechte Dritter gesch\u00fctzt sind! Das Copyright f\u00fcr ver\u00f6ffentlichte, vom Autor selbst erstellte Objekte bleibt allein beim Autor der Seiten. Eine Vervielf\u00e4ltigung oder Verwendung solcher Grafiken, Tondokumente, Videosequenzen und Texte in anderen elektronischen oder gedruckten Publikationen ist ohne ausdr\u00fcckliche Zustimmung des Autors nicht gestattet.<\/td>\n<\/tr>\n<\/tbody>\n<\/table>\n<\/td>\n<\/tr>\n<\/tbody>\n<\/table>\n","protected":false},"excerpt":{"rendered":"<p>Anbieterinformationen \/ Impressum Hotel Garni am Rostocker \u00dcberseehafen GmbH Petersdorfer Str. 15 18147 Rostock Deutschland Telefon: 0381\/4904020 Mobil: 0177\/2003930 Website: https:\/\/www.party-m\u00f6we.de Email: info@rostock-hotel-garni.de Email: info@party-moewe.de Rechtliche Angaben Vertretungsberechtigt: Dr. Reiner Treise (info@rostock-hotel-garni.de) Umsatzsteueridentifikationsnummer gem\u00e4\u00df \u00a727a Umsatzsteuergesetz: DE 321964044 Registergericht: Amtsgericht &hellip; <a class=\"more-link\" href=\"http:\/\/www.xn--party-mwe-67a.de\/?page_id=32\">Weiterlesen <span class=\"meta-nav\">&rarr;<\/span><\/a><\/p>\n","protected":false},"author":1,"featured_media":0,"parent":0,"menu_order":8,"comment_status":"closed","ping_status":"closed","template":"","meta":[],"_links":{"self":[{"href":"http:\/\/www.xn--party-mwe-67a.de\/index.php?rest_route=\/wp\/v2\/pages\/32"}],"collection":[{"href":"http:\/\/www.xn--party-mwe-67a.de\/index.php?rest_route=\/wp\/v2\/pages"}],"about":[{"href":"http:\/\/www.xn--party-mwe-67a.de\/index.php?rest_route=\/wp\/v2\/types\/page"}],"author":[{"embeddable":true,"href":"http:\/\/www.xn--party-mwe-67a.de\/index.php?rest_route=\/wp\/v2\/users\/1"}],"replies":[{"embeddable":true,"href":"http:\/\/www.xn--party-mwe-67a.de\/index.php?rest_route=%2Fwp%2Fv2%2Fcomments&post=32"}],"version-history":[{"count":15,"href":"http:\/\/www.xn--party-mwe-67a.de\/index.php?rest_route=\/wp\/v2\/pages\/32\/revisions"}],"predecessor-version":[{"id":721,"href":"http:\/\/www.xn--party-mwe-67a.de\/index.php?rest_route=\/wp\/v2\/pages\/32\/revisions\/721"}],"wp:attachment":[{"href":"http:\/\/www.xn--party-mwe-67a.de\/index.php?rest_route=%2Fwp%2Fv2%2Fmedia&parent=32"}],"curies":[{"name":"wp","href":"https:\/\/api.w.org\/{rel}","templated":true}]}}